{"id":49,"date":"2017-03-04T10:26:40","date_gmt":"2017-03-04T09:26:40","guid":{"rendered":"http:\/\/marktinvest.lu\/wp_CMS\/?page_id=49"},"modified":"2017-03-09T23:26:38","modified_gmt":"2017-03-09T22:26:38","slug":"standort","status":"publish","type":"page","link":"https:\/\/marktinvest.lu\/?page_id=49","title":{"rendered":"STANDORT"},"content":{"rendered":"<div class=\"fusion-fullwidth fullwidth-box fusion-builder-row-1 nonhundred-percent-fullwidth non-hundred-percent-height-scrolling fusion-equal-height-columns\" style=\"background-color: rgba(255,255,255,0);background-position: center center;background-repeat: no-repeat;padding-top:5%;padding-right:8%;padding-bottom:15%;padding-left:8%;margin-bottom: 0px;margin-top: 0px;border-width: 0px 0px 0px 0px;border-color:#eae9e9;border-style:solid;\" ><div class=\"fusion-builder-row fusion-row\"><div class=\"fusion-layout-column fusion_builder_column fusion-builder-column-0 fusion_builder_column_4_5 4_5 fusion-four-fifth fusion-column-first\" style=\"width:80%;width:calc(80% - ( ( 4% ) * 0.8 ) );margin-right: 4%;margin-top:0px;margin-bottom:0px;\"><div class=\"fusion-column-wrapper fusion-flex-column-wrapper-legacy\" style=\"background-position:left top;background-repeat:no-repeat;-webkit-background-size:cover;-moz-background-size:cover;-o-background-size:cover;background-size:cover;padding: 0px 0px 0px 0px;\"><div class=\"fusion-text fusion-text-1\"><h1>STANDORT<\/h1>\n<h2>Wirtschafts- und Finanzplatz<br \/>\nLuxemburg im Herzen Europas<\/h2>\n<p>Der Wirtschafts- und Finanzplatz Luxemburg liegt im Herzen Europas und ist einer der wettbewerbsf\u00e4higsten und dynamischsten Wirt\u00adschaftsstandorte der Welt. Dieser Erfolg beruht in erster Linie auf erstklassigen strukturellen und wirtschaftspolitischen Faktoren, welche dank hoher Flexibilit\u00e4t immer wieder an sich ver\u00e4ndernde Marktbedingungen angepasst werden.<\/p>\n<p>Luxemburg ist ein Magnet f\u00fcr eine gro\u00dfe Vielfalt international t\u00e4tiger Unternehmen, wie Banken, Versicherungsgesellschaften, Initiatoren von Investmentfonds, spezialisierte Dienstleistungsgesellschaften, Investoren und Family Offices aus der ganzen Welt.<\/p>\n<\/div><div class=\"fusion-clearfix\"><\/div><\/div><\/div><\/div><\/div>\n","protected":false},"excerpt":{"rendered":"","protected":false},"author":1,"featured_media":0,"parent":0,"menu_order":0,"comment_status":"closed","ping_status":"closed","template":"100-width.php","meta":[],"_links":{"self":[{"href":"https:\/\/marktinvest.lu\/index.php?rest_route=\/wp\/v2\/pages\/49"}],"collection":[{"href":"https:\/\/marktinvest.lu\/index.php?rest_route=\/wp\/v2\/pages"}],"about":[{"href":"https:\/\/marktinvest.lu\/index.php?rest_route=\/wp\/v2\/types\/page"}],"author":[{"embeddable":true,"href":"https:\/\/marktinvest.lu\/index.php?rest_route=\/wp\/v2\/users\/1"}],"replies":[{"embeddable":true,"href":"https:\/\/marktinvest.lu\/index.php?rest_route=%2Fwp%2Fv2%2Fcomments&post=49"}],"version-history":[{"count":24,"href":"https:\/\/marktinvest.lu\/index.php?rest_route=\/wp\/v2\/pages\/49\/revisions"}],"predecessor-version":[{"id":386,"href":"https:\/\/marktinvest.lu\/index.php?rest_route=\/wp\/v2\/pages\/49\/revisions\/386"}],"wp:attachment":[{"href":"https:\/\/marktinvest.lu\/index.php?rest_route=%2Fwp%2Fv2%2Fmedia&parent=49"}],"curies":[{"name":"wp","href":"https:\/\/api.w.org\/{rel}","templated":true}]}}